{"id":15,"date":"2024-09-30T15:46:53","date_gmt":"2024-09-30T13:46:53","guid":{"rendered":"https:\/\/calaprawdaohertmarczuk.pl\/?page_id=15"},"modified":"2024-09-30T16:43:40","modified_gmt":"2024-09-30T14:43:40","slug":"cala-prawda-o-hert-sp-z-o-o-ostrzezenie-dla-przedsiebiorcow","status":"publish","type":"page","link":"https:\/\/calaprawdaohertmarczuk.pl\/","title":{"rendered":"Ca\u0142a prawda o Hert Sp. z o.o. \u2013 ostrze\u017cenie dla przedsi\u0119biorc\u00f3w"},"content":{"rendered":"\t\t<div data-elementor-type=\"wp-page\" data-elementor-id=\"15\" class=\"elementor elementor-15\">\n\t\t\t\t<div class=\"elementor-element elementor-element-a2901fa e-flex e-con-boxed e-con e-parent\" data-id=\"a2901fa\" data-element_type=\"container\">\n\t\t\t\t\t<div class=\"e-con-inner\">\n\t\t\t\t<div class=\"elementor-element elementor-element-97b3634 elementor-widget elementor-widget-text-editor\" data-id=\"97b3634\" data-element_type=\"widget\" data-widget_type=\"text-editor.default\">\n\t\t\t\t<div class=\"elementor-widget-container\">\n\t\t\t\t\t\t\t<p>Je\u015bli trafi\u0142e\u015b na t\u0119 stron\u0119, zapewne rozwa\u017casz wsp\u00f3\u0142prac\u0119 z firm\u0105 Hert Sp. z o.o. Przed podj\u0119ciem decyzji zach\u0119cam do zapoznania si\u0119 z moimi do\u015bwiadczeniami, kt\u00f3re jasno pokazuj\u0105, dlaczego zdecydowanie odradzam wsp\u00f3\u0142prac\u0119 z t\u0105 firm\u0105. Dzia\u0142ania Hert Sp. z o.o. doprowadzi\u0142y moj\u0105 firm\u0119 do wielomilionowych strat. Zmarnowa\u0142em nie tylko pieni\u0105dze, ale te\u017c czas, a w konsekwencji nabawi\u0142em si\u0119 problem\u00f3w ze zdrowiem.\u00a0\u00a0<\/p>\t\t\t\t\t\t<\/div>\n\t\t\t\t<\/div>\n\t\t\t\t\t<\/div>\n\t\t\t\t<\/div>\n\t\t<div class=\"elementor-element elementor-element-7fbf717 e-flex e-con-boxed e-con e-parent\" data-id=\"7fbf717\" data-element_type=\"container\">\n\t\t\t\t\t<div class=\"e-con-inner\">\n\t\t\t\t<div class=\"elementor-element elementor-element-af13213 elementor-widget elementor-widget-video\" data-id=\"af13213\" data-element_type=\"widget\" data-settings=\"{&quot;youtube_url&quot;:&quot;https:\\\/\\\/www.youtube.com\\\/watch?v=wkW8XuN5-eM&quot;,&quot;autoplay&quot;:&quot;yes&quot;,&quot;loop&quot;:&quot;yes&quot;,&quot;video_type&quot;:&quot;youtube&quot;,&quot;controls&quot;:&quot;yes&quot;}\" data-widget_type=\"video.default\">\n\t\t\t\t<div class=\"elementor-widget-container\">\n\t\t\t\t\t<div class=\"elementor-wrapper elementor-open-inline\">\n\t\t\t<div class=\"elementor-video\"><\/div>\t\t<\/div>\n\t\t\t\t<\/div>\n\t\t\t\t<\/div>\n\t\t\t\t\t<\/div>\n\t\t\t\t<\/div>\n\t\t<div class=\"elementor-element elementor-element-e450a3b e-flex e-con-boxed e-con e-parent\" data-id=\"e450a3b\" data-element_type=\"container\">\n\t\t\t\t\t<div class=\"e-con-inner\">\n\t\t\t\t<div class=\"elementor-element elementor-element-9103c5d elementor-widget elementor-widget-heading\" data-id=\"9103c5d\" data-element_type=\"widget\" data-widget_type=\"heading.default\">\n\t\t\t\t<div class=\"elementor-widget-container\">\n\t\t\t<h2 class=\"elementor-heading-title elementor-size-default\">Straty? Wci\u0105\u017c rosn\u0105ce<\/h2>\t\t<\/div>\n\t\t\t\t<\/div>\n\t\t\t\t\t<\/div>\n\t\t\t\t<\/div>\n\t\t<div class=\"elementor-element elementor-element-a2f167e e-flex e-con-boxed e-con e-parent\" data-id=\"a2f167e\" data-element_type=\"container\">\n\t\t\t\t\t<div class=\"e-con-inner\">\n\t\t\t\t<div class=\"elementor-element elementor-element-9975dd0 elementor-widget elementor-widget-text-editor\" data-id=\"9975dd0\" data-element_type=\"widget\" data-widget_type=\"text-editor.default\">\n\t\t\t\t<div class=\"elementor-widget-container\">\n\t\t\t\t\t\t\t<p>Hert Sp. z o.o. sprzeda\u0142a mi lini\u0119 do pakowania gotowych da\u0144, kt\u00f3ra \u2013 m\u00f3wi\u0105c wprost \u2013 nie dzia\u0142a. Proces monta\u017cu oraz pr\u00f3by uruchomienia trwa\u0142y od maja do lipca, a mimo to urz\u0105dzenie nadal nie jest zdolne do normalnej pracy. G\u0142\u00f3wna przyczyna to brak odpowiedniego zaprogramowania maszyny. Co wi\u0119cej, nie otrzyma\u0142em pe\u0142nego katalogu produkt\u00f3w, kt\u00f3re mog\u0142yby by\u0107 kompatybilne z tym urz\u0105dzeniem. W rezultacie moja firma ponios\u0142a straty si\u0119gaj\u0105ce ju\u017c kilku milion\u00f3w z\u0142otych, a koszty te rosn\u0105 z ka\u017cdym dniem.<\/p>\t\t\t\t\t\t<\/div>\n\t\t\t\t<\/div>\n\t\t\t\t\t<\/div>\n\t\t\t\t<\/div>\n\t\t<div class=\"elementor-element elementor-element-ec0546d e-flex e-con-boxed e-con e-parent\" data-id=\"ec0546d\" data-element_type=\"container\">\n\t\t\t\t\t<div class=\"e-con-inner\">\n\t\t\t\t<div class=\"elementor-element elementor-element-bb3d667 elementor-widget elementor-widget-heading\" data-id=\"bb3d667\" data-element_type=\"widget\" data-widget_type=\"heading.default\">\n\t\t\t\t<div class=\"elementor-widget-container\">\n\t\t\t<h2 class=\"elementor-heading-title elementor-size-default\">G\u0142\u00f3wne zarzuty wobec Hert Sp. z o.o.<\/h2>\t\t<\/div>\n\t\t\t\t<\/div>\n\t\t\t\t\t<\/div>\n\t\t\t\t<\/div>\n\t\t<div class=\"elementor-element elementor-element-eaede14 e-flex e-con-boxed e-con e-parent\" data-id=\"eaede14\" data-element_type=\"container\">\n\t\t\t\t\t<div class=\"e-con-inner\">\n\t\t\t\t<div class=\"elementor-element elementor-element-6d2ce41 elementor-widget elementor-widget-text-editor\" data-id=\"6d2ce41\" data-element_type=\"widget\" data-widget_type=\"text-editor.default\">\n\t\t\t\t<div class=\"elementor-widget-container\">\n\t\t\t\t\t\t\t<ol class=\"wp-block-list\" start=\"1\">\n<li style=\"list-style-type: none;\">\n<ol class=\"wp-block-list\" start=\"1\">\n<li><strong>Niew\u0142a\u015bciwa sprzeda\u017c<\/strong> \u2013 Sprzedano mi produkt, kt\u00f3ry nie spe\u0142nia\u0142 podstawowych wymaga\u0144 dla mojego przedsi\u0119biorstwa.<\/li>\n<li><strong>Brak kompetencji<\/strong> \u2013 Pracownicy firmy Hert wykazali si\u0119 brakiem fundamentalnej wiedzy z zakresu dzia\u0142ania urz\u0105dze\u0144 oraz automatyki, co znacznie przed\u0142u\u017cy\u0142o proces monta\u017cu i napraw, a finalnie nie doprowadzi\u0142o do prawid\u0142owego funkcjonowania sprz\u0119tu w moim przedsi\u0119biorstwie.<\/li>\n<li><strong>Brak wsparcia<\/strong> \u2013 Moje liczne pro\u015bby o pomoc techniczn\u0105 by\u0142y ignorowane. Zarz\u0105d Hert Sp. z o.o. nie reagowa\u0142 na moje pr\u00f3by kontaktu, a w p\u00f3\u017aniejszych rozmowach przerzuci\u0142 na mnie ca\u0142\u0105 odpowiedzialno\u015b\u0107 finansow\u0105 za wadliwy sprz\u0119t, mimo \u017ce od pocz\u0105tku by\u0142 on nieodpowiedni.<\/li>\n<\/ol>\n<\/li>\n<\/ol>\n<p><!-- \/wp:list-item --><\/p>\n<p><!-- wp:list-item --><\/p>\n<p><!-- \/wp:list-item --><\/p>\n<p><!-- wp:list-item --><\/p>\t\t\t\t\t\t<\/div>\n\t\t\t\t<\/div>\n\t\t\t\t\t<\/div>\n\t\t\t\t<\/div>\n\t\t<div class=\"elementor-element elementor-element-c78105e e-flex e-con-boxed e-con e-parent\" data-id=\"c78105e\" data-element_type=\"container\">\n\t\t\t\t\t<div class=\"e-con-inner\">\n\t\t\t\t<div class=\"elementor-element elementor-element-8a31415 elementor-widget elementor-widget-heading\" data-id=\"8a31415\" data-element_type=\"widget\" data-widget_type=\"heading.default\">\n\t\t\t\t<div class=\"elementor-widget-container\">\n\t\t\t<h2 class=\"elementor-heading-title elementor-size-default\">Milionowe straty i brak pomocy<\/h2>\t\t<\/div>\n\t\t\t\t<\/div>\n\t\t\t\t\t<\/div>\n\t\t\t\t<\/div>\n\t\t<div class=\"elementor-element elementor-element-0c6ad8e e-flex e-con-boxed e-con e-parent\" data-id=\"0c6ad8e\" data-element_type=\"container\">\n\t\t\t\t\t<div class=\"e-con-inner\">\n\t\t\t\t<div class=\"elementor-element elementor-element-d24d320 elementor-widget elementor-widget-text-editor\" data-id=\"d24d320\" data-element_type=\"widget\" data-widget_type=\"text-editor.default\">\n\t\t\t\t<div class=\"elementor-widget-container\">\n\t\t\t\t\t\t\t<p>W wyniku braku profesjonalizmu ze strony Hert Sp. z o.o. straci\u0142em nie tylko pieni\u0105dze na zakup sprz\u0119tu, ale r\u00f3wnie\u017c ogromne nak\u0142ady pracy mojego zespo\u0142u oraz materia\u0142y testowe u\u017cywane w nieko\u0144cz\u0105cych si\u0119 pr\u00f3bach uruchomienia urz\u0105dzenia. Pomimo wielokrotnych pr\u00f3\u015bb o wsparcie posprzeda\u017cowe, nie otrzyma\u0142em \u017cadnej pomocy ze strony firmy. Aktualnie jestem zmuszony do wej\u015bcia na drog\u0119 prawn\u0105, co wi\u0105\u017ce si\u0119 z dodatkowymi kosztami.<\/p>\t\t\t\t\t\t<\/div>\n\t\t\t\t<\/div>\n\t\t\t\t\t<\/div>\n\t\t\t\t<\/div>\n\t\t<div class=\"elementor-element elementor-element-a52cfb0 e-flex e-con-boxed e-con e-parent\" data-id=\"a52cfb0\" data-element_type=\"container\">\n\t\t\t\t\t<div class=\"e-con-inner\">\n\t\t\t\t<div class=\"elementor-element elementor-element-df59a89 elementor-widget elementor-widget-heading\" data-id=\"df59a89\" data-element_type=\"widget\" data-widget_type=\"heading.default\">\n\t\t\t\t<div class=\"elementor-widget-container\">\n\t\t\t<h2 class=\"elementor-heading-title elementor-size-default\">Cel tej strony<\/h2>\t\t<\/div>\n\t\t\t\t<\/div>\n\t\t\t\t\t<\/div>\n\t\t\t\t<\/div>\n\t\t<div class=\"elementor-element elementor-element-11eb55b e-flex e-con-boxed e-con e-parent\" data-id=\"11eb55b\" data-element_type=\"container\">\n\t\t\t\t\t<div class=\"e-con-inner\">\n\t\t\t\t<div class=\"elementor-element elementor-element-3299e73 elementor-widget elementor-widget-text-editor\" data-id=\"3299e73\" data-element_type=\"widget\" data-widget_type=\"text-editor.default\">\n\t\t\t\t<div class=\"elementor-widget-container\">\n\t\t\t\t\t\t\t<p>Moim celem jest ostrze\u017cenie innych przedsi\u0119biorc\u00f3w przed wsp\u00f3\u0142prac\u0105 z Hert Sp. z o.o. Ka\u017cdy, kto rozwa\u017ca nawi\u0105zanie relacji z t\u0105 firm\u0105, powinien by\u0107 \u015bwiadomy potencjalnych zagro\u017ce\u0144, na kt\u00f3re ja zosta\u0142em nara\u017cony. Zamiast obiecanej efektywno\u015bci i oszcz\u0119dno\u015bci, do\u015bwiadczy\u0142em jedynie strat finansowych, stresu i frustracji. Stworzy\u0142em t\u0119 stron\u0119, aby przestrzec przed pope\u0142nieniem tych samych b\u0142\u0119d\u00f3w.<\/p>\t\t\t\t\t\t<\/div>\n\t\t\t\t<\/div>\n\t\t\t\t\t<\/div>\n\t\t\t\t<\/div>\n\t\t<div class=\"elementor-element elementor-element-8d8d6f9 e-flex e-con-boxed e-con e-parent\" data-id=\"8d8d6f9\" data-element_type=\"container\">\n\t\t\t\t\t<div class=\"e-con-inner\">\n\t\t\t\t<div class=\"elementor-element elementor-element-452d0b0 elementor-widget elementor-widget-heading\" data-id=\"452d0b0\" data-element_type=\"widget\" data-widget_type=\"heading.default\">\n\t\t\t\t<div class=\"elementor-widget-container\">\n\t\t\t<h2 class=\"elementor-heading-title elementor-size-default\">Ca\u0142a prawda o Hert Sp. z o.o. \u2013 ostrzegam Ci\u0119, zanim b\u0119dzie za p\u00f3\u017ano.<\/h2>\t\t<\/div>\n\t\t\t\t<\/div>\n\t\t\t\t\t<\/div>\n\t\t\t\t<\/div>\n\t\t\t\t<\/div>\n\t\t","protected":false},"excerpt":{"rendered":"<p>Je\u015bli trafi\u0142e\u015b na t\u0119 stron\u0119, zapewne rozwa\u017casz wsp\u00f3\u0142prac\u0119 z firm\u0105 Hert Sp. z o.o. Przed podj\u0119ciem decyzji zach\u0119cam do zapoznania si\u0119 z moimi do\u015bwiadczeniami, kt\u00f3re jasno pokazuj\u0105, dlaczego zdecydowanie odradzam wsp\u00f3\u0142prac\u0119 z t\u0105 firm\u0105. Dzia\u0142ania Hert Sp. z o.o. doprowadzi\u0142y moj\u0105 firm\u0119 do wielomilionowych strat. Zmarnowa\u0142em nie tylko pieni\u0105dze, ale te\u017c czas, a w konsekwencji [&hellip;]<\/p>\n","protected":false},"author":1,"featured_media":0,"parent":0,"menu_order":0,"comment_status":"closed","ping_status":"closed","template":"","meta":{"footnotes":""},"class_list":["post-15","page","type-page","status-publish","hentry"],"blocksy_meta":[],"_links":{"self":[{"href":"https:\/\/calaprawdaohertmarczuk.pl\/index.php?rest_route=\/wp\/v2\/pages\/15","targetHints":{"allow":["GET"]}}],"collection":[{"href":"https:\/\/calaprawdaohertmarczuk.pl\/index.php?rest_route=\/wp\/v2\/pages"}],"about":[{"href":"https:\/\/calaprawdaohertmarczuk.pl\/index.php?rest_route=\/wp\/v2\/types\/page"}],"author":[{"embeddable":true,"href":"https:\/\/calaprawdaohertmarczuk.pl\/index.php?rest_route=\/wp\/v2\/users\/1"}],"replies":[{"embeddable":true,"href":"https:\/\/calaprawdaohertmarczuk.pl\/index.php?rest_route=%2Fwp%2Fv2%2Fcomments&post=15"}],"version-history":[{"count":12,"href":"https:\/\/calaprawdaohertmarczuk.pl\/index.php?rest_route=\/wp\/v2\/pages\/15\/revisions"}],"predecessor-version":[{"id":34,"href":"https:\/\/calaprawdaohertmarczuk.pl\/index.php?rest_route=\/wp\/v2\/pages\/15\/revisions\/34"}],"wp:attachment":[{"href":"https:\/\/calaprawdaohertmarczuk.pl\/index.php?rest_route=%2Fwp%2Fv2%2Fmedia&parent=15"}],"curies":[{"name":"wp","href":"https:\/\/api.w.org\/{rel}","templated":true}]}}